{"id":757,"date":"2024-05-20T09:57:51","date_gmt":"2024-05-20T09:57:51","guid":{"rendered":"https:\/\/gracematch.org\/home\/"},"modified":"2026-01-13T00:03:03","modified_gmt":"2026-01-13T00:03:03","slug":"home","status":"publish","type":"page","link":"https:\/\/gracematch.org\/fr\/","title":{"rendered":"Accueil"},"content":{"rendered":"<div class=\"wp-block-uagb-container uagb-block-48bd536c alignfull uagb-is-root-container\"><div class=\"uagb-container-inner-blocks-wrap\">\n<div class=\"wp-block-uagb-container uagb-block-d1f191fb\">\n<div class=\"wp-block-uagb-info-box uagb-block-a03241fc uagb-infobox__content-wrap  uagb-infobox-icon-above-title uagb-infobox-image-valign-top\" id=\"https:\/\/tally.so\/r\/44JGDo\"><div class=\"uagb-ifb-content\"><div class=\"uagb-ifb-title-wrap\"><h1 class=\"uagb-ifb-title\">Grace Match<\/h1><\/div><p class=\"uagb-ifb-desc\">Mettre en relation les c\u00e9libataires chr\u00e9tiens en Suisse \u00e0 travers des rencontres personnalis\u00e9es et enrichissantes<br><a href=\"https:\/\/websitedemos.net\/lotus-spa-02\/?brainstormforce=pTXyytedV9E9TFhT#\"><\/a><\/p><div class=\"uagb-ifb-button-wrapper wp-block-button\"><a href=\"https:\/\/tally.so\/r\/44JGDo\" class=\"uagb-infobox-cta-link wp-block-button__link\" target=\"_blank\" rel=\"noopener noreferrer\" onclick=\"return true;\"><span class=\"uagb-inline-editing\">S'inscrire<\/span><\/a><\/div><\/div><\/div>\n<\/div>\n<\/div><\/div>\n\n\n\n<div class=\"wp-block-uagb-container uagb-block-91vmuzzo alignfull uagb-is-root-container\"><div class=\"uagb-container-inner-blocks-wrap\">\n<div class=\"wp-block-uagb-advanced-heading uagb-block-cfaf3f76\"><h6 class=\"uagb-heading-text\">\u00c0 PROPOS DE NOUS<\/h6><\/div>\n\n\n\n<div class=\"wp-block-uagb-info-box uagb-block-elbrkn3c uagb-infobox__content-wrap  uagb-infobox-icon-above-title uagb-infobox-image-valign-top\"><div class=\"uagb-ifb-content\"><div class=\"uagb-ifb-title-wrap\"><h2 class=\"uagb-ifb-title\">Redonner gr\u00e2ce et intention \u00e0 la sc\u00e8ne des rencontres en Suisse<\/h2><\/div><p class=\"uagb-ifb-desc\"><br>Les rencontres modernes nous donnent souvent l'impression d'\u00eatre d\u00e9connect\u00e9s, perdus dans une mer de profils virtuels et de rencontres \u00e9ph\u00e9m\u00e8res. Fond\u00e9e \u00e0 Gen\u00e8ve, en Suisse, par Michelle Yeboah, une entrepreneuse guid\u00e9e par la foi, GraceMatch reconna\u00eet ces d\u00e9fis et s'engage \u00e0 les relever de front. Inspir\u00e9e par ses voyages dans des villes comme New York et Londres, o\u00f9 existent des mod\u00e8les r\u00e9ussis de rencontres r\u00e9demptrices, Michelle a imagin\u00e9 GraceMatch comme une lueur d'espoir pour les c\u00e9libataires chr\u00e9tiens \u00e0 la recherche de connexions significatives.<\/p><\/div><\/div>\n\n\n\n<div class=\"wp-block-uagb-container uagb-block-a9uc6akt\">\n<div class=\"wp-block-uagb-container uagb-block-in5cnayx\">\n<div class=\"alignleft wp-block-uagb-image aligncenter uagb-block-8fguhbsh wp-block-uagb-image--layout-default wp-block-uagb-image--effect-static wp-block-uagb-image--align-center\"><figure class=\"wp-block-uagb-image__figure\"><img data-recalc-dims=\"1\" decoding=\"async\" srcset=\"https:\/\/gracematch.org\/wp-content\/uploads\/2024\/05\/GMT-Magazine-WorldTempus-Party-at-Geneva-Watch-Days-2023-2.jpg ,https:\/\/gracematch.org\/wp-content\/uploads\/2024\/05\/GMT-Magazine-WorldTempus-Party-at-Geneva-Watch-Days-2023-2.jpg 780w, https:\/\/gracematch.org\/wp-content\/uploads\/2024\/05\/GMT-Magazine-WorldTempus-Party-at-Geneva-Watch-Days-2023-2.jpg 360w\" sizes=\"auto, (max-width: 480px) 150px\" src=\"https:\/\/i0.wp.com\/gracematch.org\/wp-content\/uploads\/2024\/05\/GMT-Magazine-WorldTempus-Party-at-Geneva-Watch-Days-2023-2.jpg?resize=368%2C450&#038;ssl=1\" alt=\"\" class=\"uag-image-1740\" width=\"368\" height=\"450\" title=\"GMT Magazine &amp; WorldTempus Party at Geneva Watch Days 2023-2\" loading=\"lazy\" role=\"img\"\/><\/figure><\/div>\n\n\n\n<div class=\"wp-block-uagb-info-box uagb-block-resomacf uagb-infobox__content-wrap  uagb-infobox-icon-above-title uagb-infobox-image-valign-top\"><div class=\"uagb-ifb-content\"><div class=\"uagb-ifb-title-wrap\"><h3 class=\"uagb-ifb-title\">Pr\u00e9sentations<\/h3><\/div><p class=\"uagb-ifb-desc\">Nous organisons des rencontres individuelles qui vous permettent de rencontrer en personne des c\u00e9libataires chr\u00e9tiens compatibles.<\/p><\/div><\/div>\n<\/div>\n\n\n\n<div class=\"wp-block-uagb-container uagb-block-dzpvn0tr\">\n<div class=\"alignleft wp-block-uagb-image uagb-block-3ov1pteu wp-block-uagb-image--layout-default wp-block-uagb-image--effect-static wp-block-uagb-image--align-left\"><figure class=\"wp-block-uagb-image__figure\"><img data-recalc-dims=\"1\" decoding=\"async\" srcset=\"https:\/\/gracematch.org\/wp-content\/uploads\/2024\/05\/sixteen-miles-out-Uc6kiKdW2_g-unsplash-2.jpg ,https:\/\/gracematch.org\/wp-content\/uploads\/2024\/05\/sixteen-miles-out-Uc6kiKdW2_g-unsplash-2.jpg 780w, https:\/\/gracematch.org\/wp-content\/uploads\/2024\/05\/sixteen-miles-out-Uc6kiKdW2_g-unsplash-2.jpg 360w\" sizes=\"auto, (max-width: 480px) 150px\" src=\"https:\/\/i0.wp.com\/gracematch.org\/wp-content\/uploads\/2024\/05\/sixteen-miles-out-Uc6kiKdW2_g-unsplash-2.jpg?resize=368%2C450&#038;ssl=1\" alt=\"\" class=\"uag-image-1745\" width=\"368\" height=\"450\" title=\"sixteen-miles-out-Uc6kiKdW2_g-unsplash-2\" loading=\"lazy\" role=\"img\"\/><\/figure><\/div>\n\n\n\n<div class=\"wp-block-uagb-info-box uagb-block-ggxukvvr uagb-infobox__content-wrap  uagb-infobox-icon-above-title uagb-infobox-image-valign-top\"><div class=\"uagb-ifb-content\"><div class=\"uagb-ifb-title-wrap\"><h3 class=\"uagb-ifb-title\">Valeurs Communes<\/h3><\/div><p class=\"uagb-ifb-desc\">Nous mettons en relation des c\u00e9libataires qui partagent votre foi et vos valeurs, parce que la vie est trop courte pour des priorit\u00e9s qui ne sont pas les m\u00eames.<\/p><\/div><\/div>\n<\/div>\n\n\n\n<div class=\"wp-block-uagb-container uagb-block-nr4bywnd\">\n<div class=\"alignleft wp-block-uagb-image uagb-block-ebpmd3wf wp-block-uagb-image--layout-default wp-block-uagb-image--effect-static wp-block-uagb-image--align-left\"><figure class=\"wp-block-uagb-image__figure\"><img data-recalc-dims=\"1\" decoding=\"async\" srcset=\"https:\/\/gracematch.org\/wp-content\/uploads\/2024\/05\/sdf-rahbar-iV-BBV6wQds-unsplash-2.jpg ,https:\/\/gracematch.org\/wp-content\/uploads\/2024\/05\/sdf-rahbar-iV-BBV6wQds-unsplash-2.jpg 780w, https:\/\/gracematch.org\/wp-content\/uploads\/2024\/05\/sdf-rahbar-iV-BBV6wQds-unsplash-2.jpg 360w\" sizes=\"auto, (max-width: 480px) 150px\" src=\"https:\/\/i0.wp.com\/gracematch.org\/wp-content\/uploads\/2024\/05\/sdf-rahbar-iV-BBV6wQds-unsplash-2.jpg?resize=368%2C450&#038;ssl=1\" alt=\"\" class=\"uag-image-1747\" width=\"368\" height=\"450\" title=\"sdf-rahbar-iV-BBV6wQds-unsplash-2\" loading=\"lazy\" role=\"img\"\/><\/figure><\/div>\n\n\n\n<div class=\"wp-block-uagb-info-box uagb-block-henabwki uagb-infobox__content-wrap  uagb-infobox-icon-above-title uagb-infobox-image-valign-top\"><div class=\"uagb-ifb-content\"><div class=\"uagb-ifb-title-wrap\"><h3 class=\"uagb-ifb-title\">Relations<\/h3><\/div><p class=\"uagb-ifb-desc\">Nous nous engageons \u00e0 favoriser des relations significatives et durables qui enrichissent la vie et approfondissent la foi.<\/p><\/div><\/div>\n<\/div>\n<\/div>\n<\/div><\/div>\n\n\n\n<div class=\"wp-block-uagb-container uagb-block-79c34dd3 alignfull uagb-is-root-container\"><div class=\"uagb-container-inner-blocks-wrap\">\n<div class=\"wp-block-uagb-advanced-heading uagb-block-f975e43d\"><\/div>\n\n\n\n<div class=\"wp-block-uagb-info-box uagb-block-0be7dce4 uagb-infobox__content-wrap  uagb-infobox-icon-above-title uagb-infobox-image-valign-top\"><div class=\"uagb-ifb-content\"><div class=\"uagb-ifb-title-wrap\"><h2 class=\"uagb-ifb-title\">Rejoignez-nous<\/h2><\/div><p class=\"uagb-ifb-desc\">D\u00e9couvrez la gr\u00e2ce dans votre qu\u00eate d'amour et de compagnie. Inscrivez-vous pour b\u00e9n\u00e9ficier d'introductions personnalis\u00e9es et soyez le premier \u00e0 \u00eatre inform\u00e9 des prochains \u00e9v\u00e9nements organis\u00e9s dans toute la Suisse.<\/p><\/div><\/div>\n\n\n\n<div class=\"wp-block-uagb-buttons uagb-buttons__outer-wrap uagb-btn__default-btn uagb-btn-tablet__default-btn uagb-btn-mobile__default-btn uagb-block-56d8aa0d\"><div class=\"uagb-buttons__wrap uagb-buttons-layout-wrap\">\n<div class=\"wp-block-uagb-buttons-child uagb-buttons__outer-wrap uagb-block-5de945e9 wp-block-button\" id=\"https:\/\/tally.so\/r\/44JGDo\"><div class=\"uagb-button__wrapper\"><a class=\"uagb-buttons-repeater wp-block-button__link\" aria-label=\"\" href=\"https:\/\/tally.so\/r\/44JGDo\" rel=\"follow noopener\" target=\"_blank\" role=\"button\"><div class=\"uagb-button__link\">S'inscrire<\/div><\/a><\/div><\/div>\n<\/div><\/div>\n<\/div><\/div>","protected":false},"excerpt":{"rendered":"<p>\u00c0 PROPOS DE NOUS<\/p>","protected":false},"author":1,"featured_media":0,"parent":0,"menu_order":0,"comment_status":"closed","ping_status":"closed","template":"","meta":{"nf_dc_page":"","_uag_custom_page_level_css":"","_monsterinsights_skip_tracking":false,"_monsterinsights_sitenote_active":false,"_monsterinsights_sitenote_note":"","_monsterinsights_sitenote_category":0,"site-sidebar-layout":"no-sidebar","site-content-layout":"page-builder","ast-site-content-layout":"full-width-container","site-content-style":"unboxed","site-sidebar-style":"unboxed","ast-global-header-display":"","ast-banner-title-visibility":"","ast-main-header-display":"","ast-hfb-above-header-display":"","ast-hfb-below-header-display":"","ast-hfb-mobile-header-display":"","site-post-title":"disabled","ast-breadcrumbs-content":"","ast-featured-img":"disabled","footer-sml-layout":"","ast-disable-related-posts":"","theme-transparent-header-meta":"enabled","adv-header-id-meta":"","stick-header-meta":"","header-above-stick-meta":"","header-main-stick-meta":"","header-below-stick-meta":"","astra-migrate-meta-layouts":"set","ast-page-background-enabled":"default","ast-page-background-meta":{"desktop":{"background-color":"var(--ast-global-color-4)","background-image":"","background-repeat":"repeat","background-position":"center center","background-size":"auto","background-attachment":"scroll","background-type":"","background-media":"","overlay-type":"","overlay-color":"","overlay-opacity":"","overlay-gradient":""},"tablet":{"background-color":"","background-image":"","background-repeat":"repeat","background-position":"center center","background-size":"auto","background-attachment":"scroll","background-type":"","background-media":"","overlay-type":"","overlay-color":"","overlay-opacity":"","overlay-gradient":""},"mobile":{"background-color":"","background-image":"","background-repeat":"repeat","background-position":"center center","background-size":"auto","background-attachment":"scroll","background-type":"","background-media":"","overlay-type":"","overlay-color":"","overlay-opacity":"","overlay-gradient":""}},"ast-content-background-meta":{"desktop":{"background-color":"var(--ast-global-color-5)","background-image":"","background-repeat":"repeat","background-position":"center center","background-size":"auto","background-attachment":"scroll","background-type":"","background-media":"","overlay-type":"","overlay-color":"","overlay-opacity":"","overlay-gradient":""},"tablet":{"background-color":"var(--ast-global-color-5)","background-image":"","background-repeat":"repeat","background-position":"center center","background-size":"auto","background-attachment":"scroll","background-type":"","background-media":"","overlay-type":"","overlay-color":"","overlay-opacity":"","overlay-gradient":""},"mobile":{"background-color":"var(--ast-global-color-5)","background-image":"","background-repeat":"repeat","background-position":"center center","background-size":"auto","background-attachment":"scroll","background-type":"","background-media":"","overlay-type":"","overlay-color":"","overlay-opacity":"","overlay-gradient":""}},"footnotes":""},"class_list":["post-757","page","type-page","status-publish","hentry"],"aioseo_notices":[],"uagb_featured_image_src":{"full":false,"thumbnail":false,"medium":false,"medium_large":false,"large":false,"1536x1536":false,"2048x2048":false,"trp-custom-language-flag":false,"woocommerce_thumbnail":false,"woocommerce_single":false,"woocommerce_gallery_thumbnail":false},"uagb_author_info":{"display_name":"michyeboah","author_link":"https:\/\/gracematch.org\/fr\/author\/michyeboah\/"},"uagb_comment_info":0,"uagb_excerpt":"ABOUT US","jetpack_sharing_enabled":true,"_links":{"self":[{"href":"https:\/\/gracematch.org\/fr\/wp-json\/wp\/v2\/pages\/757","targetHints":{"allow":["GET"]}}],"collection":[{"href":"https:\/\/gracematch.org\/fr\/wp-json\/wp\/v2\/pages"}],"about":[{"href":"https:\/\/gracematch.org\/fr\/wp-json\/wp\/v2\/types\/page"}],"author":[{"embeddable":true,"href":"https:\/\/gracematch.org\/fr\/wp-json\/wp\/v2\/users\/1"}],"replies":[{"embeddable":true,"href":"https:\/\/gracematch.org\/fr\/wp-json\/wp\/v2\/comments?post=757"}],"version-history":[{"count":10,"href":"https:\/\/gracematch.org\/fr\/wp-json\/wp\/v2\/pages\/757\/revisions"}],"predecessor-version":[{"id":1954,"href":"https:\/\/gracematch.org\/fr\/wp-json\/wp\/v2\/pages\/757\/revisions\/1954"}],"wp:attachment":[{"href":"https:\/\/gracematch.org\/fr\/wp-json\/wp\/v2\/media?parent=757"}],"curies":[{"name":"wp","href":"https:\/\/api.w.org\/{rel}","templated":true}]}}