{"id":1776,"date":"2024-05-26T19:26:34","date_gmt":"2024-05-26T19:26:34","guid":{"rendered":"https:\/\/gracematch.org\/?page_id=1776"},"modified":"2024-05-27T14:33:08","modified_gmt":"2024-05-27T14:33:08","slug":"privacy-policy","status":"publish","type":"page","link":"https:\/\/gracematch.org\/fr\/privacy-policy\/","title":{"rendered":"Politique de confidentialit\u00e9"},"content":{"rendered":"<div class=\"wp-block-uagb-container uagb-block-63hmlcd4 alignfull uagb-is-root-container\"><div class=\"uagb-container-inner-blocks-wrap\">\n<div class=\"wp-block-uagb-container uagb-block-76my0kzi\">\n<div class=\"wp-block-uagb-container uagb-block-mwjlg2k0\">\n<div class=\"wp-block-uagb-container uagb-block-gytnxdyf\">\n<div class=\"wp-block-uagb-advanced-heading uagb-block-ocuktyvd\"><h3 class=\"uagb-heading-text\">1. Informations importantes et qui nous sommes<\/h3><\/div>\n<\/div>\n\n\n\n<div class=\"wp-block-uagb-container uagb-block-0asjku0r\">\n<p class=\"\"><strong>Objet de la pr\u00e9sente politique de protection des donn\u00e9es personnelles<\/strong>&nbsp;&nbsp;<\/p>\n\n\n\n<p class=\"\">Cette politique de confidentialit\u00e9 vise \u00e0 vous donner des informations sur la mani\u00e8re dont GraceMatch (\u00ab GraceMatch \u00bb, \u00ab nous \u00bb, \u00ab notre \u00bb ou \u00ab nos \u00bb) recueille et traite vos donn\u00e9es personnelles dans le cadre de votre utilisation de ce site web, y compris les donn\u00e9es que vous pouvez fournir lorsque vous nous contactez ou que vous vous inscrivez \u00e0 un \u00e9v\u00e9nement.<\/p>\n\n\n\n<p class=\"\"><strong>Coordonn\u00e9es de contact<\/strong>&nbsp;&nbsp;<\/p>\n\n\n\n<p class=\"\">Si vous avez des questions concernant la pr\u00e9sente politique de confidentialit\u00e9 ou nos pratiques en mati\u00e8re de confidentialit\u00e9, veuillez contacter GraceMatch par courrier \u00e9lectronique \u00e0 l'adresse suivante <a href=\"mailto:hello@faithentrepreneurs.org\">contact@gracematch.org<\/a><\/p>\n\n\n\n<p class=\"\">Vous avez le droit de d\u00e9poser une plainte \u00e0 tout moment aupr\u00e8s du Pr\u00e9pos\u00e9 f\u00e9d\u00e9ral \u00e0 la protection des donn\u00e9es et \u00e0 la transparence (PFPDT), l'autorit\u00e9 comp\u00e9tente en Suisse pour le traitement des donn\u00e9es par les organes f\u00e9d\u00e9raux et les personnes priv\u00e9es (<a href=\"https:\/\/www.edoeb.admin.ch\/edoeb\/en\/home\/datenschutz\/grundlagen\/ndsg.html\">https:\/\/www.edoeb.admin.ch\/edoeb\/en\/home\/datenschutz\/grundlagen\/ndsg.html<\/a>Nous appr\u00e9cierions toutefois d'avoir la possibilit\u00e9 de r\u00e9pondre \u00e0 vos pr\u00e9occupations avant que vous ne vous adressiez au PFPDT ; veuillez donc nous contacter en premier lieu.<\/p>\n\n\n\n<p class=\"\"><strong>MODIFICATIONS DE LA POLITIQUE DE PROTECTION DES DONN\u00c9ES ET OBLIGATION DE NOUS INFORMER DE TOUTE MODIFICATION<\/strong>&nbsp;&nbsp;<\/p>\n\n\n\n<p class=\"\">GraceMatch r\u00e9vise r\u00e9guli\u00e8rement la pr\u00e9sente politique de confidentialit\u00e9 et peut la modifier de temps \u00e0 autre. Toute version modifi\u00e9e sera disponible sur le site web. Nous vous conseillons de le consulter r\u00e9guli\u00e8rement pour vous tenir au courant des changements \u00e9ventuels.<\/p>\n\n\n\n<p class=\"\">Il est important que les donn\u00e9es personnelles que nous d\u00e9tenons \u00e0 votre sujet soient exactes et \u00e0 jour. Veuillez nous informer si vos donn\u00e9es personnelles changent au cours de votre relation avec nous.<\/p>\n\n\n\n<p class=\"\"><strong>LES LIENS AVEC DES TIERS<\/strong>&nbsp;&nbsp;<\/p>\n\n\n\n<p class=\"\">Ce site web peut inclure des liens vers des sites web, des plug-ins et des applications de tiers. Le fait de cliquer sur ces liens ou d'activer ces connexions peut permettre \u00e0 des tiers de collecter ou de partager des donn\u00e9es vous concernant. Nous ne contr\u00f4lons pas ces sites web tiers et ne sommes pas responsables de leurs d\u00e9clarations de confidentialit\u00e9. Lorsque vous quittez notre site web, nous vous encourageons \u00e0 lire la politique de confidentialit\u00e9 de chaque site web que vous visitez.<\/p>\n<\/div>\n<\/div>\n\n\n\n<div class=\"wp-block-uagb-container uagb-block-4kqamjko\">\n<div class=\"wp-block-uagb-container uagb-block-itm4kscb\">\n<div class=\"wp-block-uagb-advanced-heading uagb-block-ram1ujhq\"><h3 class=\"uagb-heading-text\">2. Les donn\u00e9es que nous recueillons \u00e0 votre sujet<\/h3><\/div>\n<\/div>\n\n\n\n<div class=\"wp-block-uagb-container uagb-block-88tzakkg\">\n<p class=\"\">Les donn\u00e9es \u00e0 caract\u00e8re personnel, ou informations \u00e0 caract\u00e8re personnel, d\u00e9signent toute information concernant une personne \u00e0 partir de laquelle cette personne peut \u00eatre identifi\u00e9e. Cela n'inclut pas les donn\u00e9es dont l'identit\u00e9 a \u00e9t\u00e9 supprim\u00e9e (donn\u00e9es anonymes).<\/p>\n\n\n\n<p class=\"\">Nous pouvons collecter, utiliser, stocker et transf\u00e9rer diff\u00e9rents types de donn\u00e9es \u00e0 caract\u00e8re personnel vous concernant, que nous avons regroup\u00e9es comme suit :<\/p>\n\n\n\n<ul class=\"wp-block-list\">\n<li class=\"\"><strong>Donn\u00e9es d'identit\u00e9<\/strong> comme votre pr\u00e9nom, votre nom, votre ville, votre pays.<\/li>\n<\/ul>\n\n\n\n<ul class=\"wp-block-list\">\n<li class=\"\"><strong>Donn\u00e9es de contact<\/strong> comme votre adresse \u00e9lectronique et vos num\u00e9ros de t\u00e9l\u00e9phone.<\/li>\n<\/ul>\n\n\n\n<ul class=\"wp-block-list\">\n<li class=\"\"><strong>Donn\u00e9es financi\u00e8res<\/strong> comme votre historique de paiement, les d\u00e9tails de votre compte bancaire et de votre carte de paiement, et si vous \u00eates un contribuable en Suisse.<\/li>\n<\/ul>\n\n\n\n<ul class=\"wp-block-list\">\n<li class=\"\"><strong>Donn\u00e9es techniques<\/strong> comprend l'adresse IP (Internet Protocol), vos donn\u00e9es de connexion, le type et la version du navigateur, le r\u00e9glage du fuseau horaire et la localisation, les types et versions des plug-ins du navigateur, le syst\u00e8me d'exploitation et la plateforme, ainsi que d'autres technologies sur les appareils que vous utilisez pour acc\u00e9der \u00e0 ce site web.<\/li>\n<\/ul>\n\n\n\n<ul class=\"wp-block-list\">\n<li class=\"\"> <strong>Donn\u00e9es d'utilisation<\/strong> comprend des informations sur la fa\u00e7on dont vous utilisez notre site web.<\/li>\n<\/ul>\n\n\n\n<ul class=\"wp-block-list\">\n<li class=\"\"><strong>Donn\u00e9es de marketing et de communication<\/strong> comprend vos pr\u00e9f\u00e9rences en mati\u00e8re de r\u00e9ception de nouvelles et de mises \u00e0 jour de notre part, ainsi que vos pr\u00e9f\u00e9rences en mati\u00e8re de communication.<\/li>\n<\/ul>\n\n\n\n<p class=\"\"><strong>SI VOUS NE FOURNISSEZ PAS DE DONN\u00c9ES \u00c0 CARACT\u00c8RE PERSONNEL<\/strong>&nbsp;&nbsp;<\/p>\n\n\n\n<p class=\"\">Lorsque nous devons collecter des donn\u00e9es \u00e0 caract\u00e8re personnel en vertu de la loi ou d'un contrat que nous avons conclu avec vous et que vous ne fournissez pas ces donn\u00e9es lorsque nous vous le demandons, il se peut que nous ne soyons pas en mesure d'ex\u00e9cuter le contrat que nous avons conclu ou que nous essayons de conclure avec vous (par exemple, pour traiter l'achat d'un billet d'entr\u00e9e \u00e0 un \u00e9v\u00e9nement). Dans ce cas, il se peut que nous devions annuler un service que vous avez conclu avec nous, mais nous vous en informerons \u00e0 ce moment-l\u00e0.<\/p>\n<\/div>\n<\/div>\n\n\n\n<div class=\"wp-block-uagb-container uagb-block-e9c1d87c\">\n<div class=\"wp-block-uagb-container uagb-block-c42d1495\">\n<div class=\"wp-block-uagb-advanced-heading uagb-block-23142eac\"><h3 class=\"uagb-heading-text\">3. Comment vos donn\u00e9es personnelles sont-elles collect\u00e9es ?<\/h3><\/div>\n<\/div>\n\n\n\n<div class=\"wp-block-uagb-container uagb-block-e6dd8266\">\n<p class=\"\">Nous utilisons diff\u00e9rentes m\u00e9thodes pour collecter des donn\u00e9es aupr\u00e8s de vous et \u00e0 votre sujet, notamment en utilisant les moyens suivants<\/p>\n\n\n\n<ul class=\"wp-block-list\">\n<li class=\"\"><strong>Interactions directes.<\/strong> Vous pouvez nous communiquer vos donn\u00e9es d'identit\u00e9, de contact et financi\u00e8res en remplissant des formulaires ou en correspondant avec nous par courrier \u00e9lectronique ou autrement. Il s'agit notamment des donn\u00e9es personnelles que vous fournissez lorsque vous :\n<ul class=\"wp-block-list\">\n<li class=\"\">visitez le site Internet ;<\/li>\n\n\n\n<li class=\"\">compl\u00e9tez le formulaire de profil ;<\/li>\n\n\n\n<li class=\"\">compl\u00e9tez le formulaire de t\u00e9moignage ;<\/li>\n\n\n\n<li class=\"\">rejoignez des groupes sur les plateformes de m\u00e9dias sociaux (par exemple, Instagram, WhatsApp)<\/li>\n\n\n\n<li class=\"\">effectuez un paiement ;<\/li>\n\n\n\n<li class=\"\">vous inscrivez \u00e0 notre newsletter ;<\/li>\n\n\n\n<li class=\"\">nous contactez, nous rencontrez, ou fournissez vos coordonn\u00e9es \u00e0 un membre du conseil d'administration de notre association.<\/li>\n<\/ul>\n<\/li>\n\n\n\n<li class=\"\"><strong>Technologies ou interactions automatis\u00e9es.<\/strong> Lorsque vous interagissez avec notre site web, nous recueillons automatiquement des donn\u00e9es techniques sur votre \u00e9quipement, vos actions et habitudes de navigation. Nous collectons ces donn\u00e9es personnelles en utilisant des cookies et d'autres technologies similaires. Veuillez consulter la section 4 de notre politique de confidentialit\u00e9 pour plus de d\u00e9tails.<\/li>\n\n\n\n<li class=\"\"><strong>Tiers ou sources publiques.<\/strong> Nous recevrons des donn\u00e9es personnelles vous concernant de la part de divers tiers, comme indiqu\u00e9 ci-dessous :(a) des donn\u00e9es techniques provenant de fournisseurs de services d'analyse, tels que Google et Squarespace, bas\u00e9s en dehors de l'UE ;(b) des donn\u00e9es de contact, financi\u00e8res et de transaction provenant de fournisseurs de services techniques et de paiement, tels que Twint, Wise ou PayPal.<\/li>\n<\/ul>\n<\/div>\n<\/div>\n\n\n\n<div class=\"wp-block-uagb-container uagb-block-b671cd66\">\n<div class=\"wp-block-uagb-container uagb-block-7242172c\">\n<div class=\"wp-block-uagb-advanced-heading uagb-block-008c9fff\"><h3 class=\"uagb-heading-text\">4. Comment nous utilisons vos donn\u00e9es personnelles<\/h3><\/div>\n<\/div>\n\n\n\n<div class=\"wp-block-uagb-container uagb-block-6bd8e573\">\n<p class=\"\">Nous n'utiliserons vos donn\u00e9es personnelles que si la loi nous y autorise. Le plus souvent, nous utiliserons vos donn\u00e9es personnelles dans les circonstances suivantes :<\/p>\n\n\n\n<ul class=\"wp-block-list\">\n<li class=\"\">Pour g\u00e9rer votre relation avec nous.<\/li>\n\n\n\n<li class=\"\">Am\u00e9liorer notre site web, nos services et nos relations avec les parties prenantes.<\/li>\n\n\n\n<li class=\"\">Pour vous permettre de r\u00e9pondre \u00e0 un sondage.<\/li>\n\n\n\n<li class=\"\">Recommander des produits ou des services susceptibles de vous int\u00e9resser.<\/li>\n<\/ul>\n\n\n\n<p class=\"\"><strong>LA DUR\u00c9E DE CONSERVATION DE VOS INFORMATIONS<\/strong><\/p>\n\n\n\n<p class=\"\">Nous ne conserverons vos informations personnelles que pendant la dur\u00e9e n\u00e9cessaire et conform\u00e9ment aux exigences l\u00e9gales.<\/p>\n\n\n\n<p class=\"\">Si vous avez indiqu\u00e9 que vous ne souhaitez plus recevoir de nouvelles de notre part, nous conserverons le minimum d'informations n\u00e9cessaires pour garantir qu'aucun contact ne sera pris \u00e0 l'avenir.<\/p>\n\n\n\n<p class=\"\">Toutefois, m\u00eame apr\u00e8s avoir modifi\u00e9 vos pr\u00e9f\u00e9rences en mati\u00e8re de communication, nous pouvons conserver des copies des informations vous concernant pendant une p\u00e9riode conforme \u00e0 la l\u00e9gislation en vigueur, au d\u00e9lai de prescription applicable ou si nous estimons que cela est raisonnablement n\u00e9cessaire pour nous conformer \u00e0 la l\u00e9gislation, \u00e0 la r\u00e9glementation ou \u00e0 la proc\u00e9dure judiciaire en vigueur.<\/p>\n\n\n\n<p class=\"\"><strong>COOKIES<\/strong>&nbsp;&nbsp;<\/p>\n\n\n\n<p class=\"\">Vous pouvez configurer votre navigateur pour qu'il refuse tout ou partie des cookies, ou pour qu'il vous avertisse lorsque des sites web installent des cookies ou y acc\u00e8dent. Si vous d\u00e9sactivez ou refusez les cookies, veuillez noter que certaines parties de ce site Web peuvent devenir inaccessibles ou ne pas fonctionner correctement. Pour plus d'informations sur les cookies que nous utilisons, veuillez consulter support.squarespace.com\/hc\/en-us\/articles\/360001264507, policies.google.com\/privacy et youronlinechoices.eu.<\/p>\n<\/div>\n<\/div>\n\n\n\n<div class=\"wp-block-uagb-container uagb-block-2222fb4b\">\n<div class=\"wp-block-uagb-container uagb-block-ea7fd807\">\n<div class=\"wp-block-uagb-advanced-heading uagb-block-16389969\"><h3 class=\"uagb-heading-text\">5. Transmission de vos donn\u00e9es \u00e0 caract\u00e8re personnel et transferts internationaux<\/h3><\/div>\n<\/div>\n\n\n\n<div class=\"wp-block-uagb-container uagb-block-20826bc2\">\n<p class=\"\">Nous pouvons partager vos informations avec des partenaires et des prestataires de services tiers. De temps \u00e0 autre, nous pouvons partager vos informations avec des organismes ou agences gouvernementaux ou judiciaires, comme l'exige la loi. Nous pouvons \u00e9galement divulguer vos informations personnelles \u00e0 des tiers avec votre consentement pr\u00e9alable.<\/p>\n\n\n\n<p class=\"\">Les informations que nous collectons et conservons peuvent \u00eatre transf\u00e9r\u00e9es, contr\u00f4l\u00e9es et trait\u00e9es \u00e0 l'int\u00e9rieur ou \u00e0 l'ext\u00e9rieur de la Suisse et\/ou de l'Espace \u00e9conomique europ\u00e9en (\u00ab EEE \u00bb). En particulier, nos prestataires de services sont bas\u00e9s en Suisse et aux \u00c9tats-Unis. Chaque fois que nous transf\u00e9rons vos donn\u00e9es personnelles hors de Suisse et\/ou de l'EEE, nous nous assurons qu'un degr\u00e9 de protection similaire leur est accord\u00e9 en veillant \u00e0 ce que des garanties soient mises en \u0153uvre.<\/p>\n<\/div>\n<\/div>\n\n\n\n<div class=\"wp-block-uagb-container uagb-block-308c5734\">\n<div class=\"wp-block-uagb-container uagb-block-f87d99b3\">\n<div class=\"wp-block-uagb-advanced-heading uagb-block-dc4ae086\"><h3 class=\"uagb-heading-text\">6. S\u00e9curit\u00e9 des donn\u00e9es<\/h3><\/div>\n<\/div>\n\n\n\n<div class=\"wp-block-uagb-container uagb-block-0ddd6ed8\">\n<p class=\"\">Nous avons mis en place des mesures de s\u00e9curit\u00e9 raisonnables pour \u00e9viter que vos donn\u00e9es personnelles ne soient accidentellement perdues, utilis\u00e9es ou consult\u00e9es de mani\u00e8re non autoris\u00e9e, modifi\u00e9es ou r\u00e9v\u00e9l\u00e9es.<\/p>\n\n\n\n<p class=\"\">All credit\/debit card payments made online, are made securely through third party service providers and payment gateways.<\/p>\n\n\n\n<p class=\"\">D'une mani\u00e8re g\u00e9n\u00e9rale, l'Internet n'est pas une m\u00e9thode s\u00fbre de transmission des informations. Par cons\u00e9quent, nous d\u00e9clinons toute responsabilit\u00e9 quant \u00e0 la s\u00e9curit\u00e9 des informations que vous nous envoyez ou que nous recevons par Internet, ainsi qu'en cas d'acc\u00e8s ou d'utilisation non autoris\u00e9s de ces informations.<\/p>\n\n\n\n<p class=\"\">Lorsque nous vous avons donn\u00e9, ou lorsque vous avez choisi des codes de s\u00e9curit\u00e9 (nom d'utilisateur, mot de passe, mot m\u00e9morable ou code PIN), qui vous permettent d'utiliser un service en ligne, vous \u00eates responsable de la confidentialit\u00e9 de ces donn\u00e9es de s\u00e9curit\u00e9.<\/p>\n<\/div>\n<\/div>\n\n\n\n<div class=\"wp-block-uagb-container uagb-block-5876db61\">\n<div class=\"wp-block-uagb-container uagb-block-4e2581a0\">\n<div class=\"wp-block-uagb-advanced-heading uagb-block-359ed5a1\"><h3 class=\"uagb-heading-text\">7. Conservation des donn\u00e9es<\/h3><\/div>\n<\/div>\n\n\n\n<div class=\"wp-block-uagb-container uagb-block-a13f1096\">\n<p class=\"\"><strong>PENDANT COMBIEN DE TEMPS UTILISEREZ-VOUS MES DONN\u00c9ES PERSONNELLES ?<\/strong>&nbsp;&nbsp;<\/p>\n\n\n\n<p class=\"\">Nous ne conserverons vos donn\u00e9es \u00e0 caract\u00e8re personnel que pendant la dur\u00e9e raisonnablement n\u00e9cessaire pour atteindre les objectifs pour lesquels nous les avons collect\u00e9es, y compris pour satisfaire aux exigences l\u00e9gales, r\u00e9glementaires, fiscales, comptables ou d'\u00e9tablissement de rapports. Nous pouvons conserver vos donn\u00e9es \u00e0 caract\u00e8re personnel pendant une p\u00e9riode plus longue en cas de plainte ou si nous pensons raisonnablement qu'il existe une perspective de litige en ce qui concerne notre relation avec vous.<\/p>\n\n\n\n<p class=\"\">Pour d\u00e9terminer la p\u00e9riode de conservation appropri\u00e9e des donn\u00e9es \u00e0 caract\u00e8re personnel, nous prenons en compte la quantit\u00e9, la nature et la sensibilit\u00e9 des donn\u00e9es \u00e0 caract\u00e8re personnel, le risque potentiel de pr\u00e9judice r\u00e9sultant d'une utilisation ou d'une divulgation non autoris\u00e9e de vos donn\u00e9es \u00e0 caract\u00e8re personnel, les finalit\u00e9s pour lesquelles nous traitons vos donn\u00e9es \u00e0 caract\u00e8re personnel et la possibilit\u00e9 d'atteindre ces finalit\u00e9s par d'autres moyens, ainsi que les exigences l\u00e9gales, r\u00e9glementaires, fiscales, comptables ou autres qui s'appliquent.<\/p>\n\n\n\n<p class=\"\">Dans certaines circonstances, vous pouvez nous demander de supprimer vos donn\u00e9es : voir vos droits l\u00e9gaux ci-dessous pour plus d'informations.<\/p>\n\n\n\n<p class=\"\">Dans certaines circonstances, nous rendrons anonymes vos donn\u00e9es personnelles (afin qu'elles ne puissent plus \u00eatre associ\u00e9es \u00e0 vous) \u00e0 des fins de recherche ou de statistiques, auquel cas nous pourrons utiliser ces informations ind\u00e9finiment sans vous en avertir.<\/p>\n<\/div>\n<\/div>\n\n\n\n<div class=\"wp-block-uagb-container uagb-block-d9614c48\">\n<div class=\"wp-block-uagb-container uagb-block-b95e0c4c\">\n<div class=\"wp-block-uagb-advanced-heading uagb-block-08bc8648\"><h3 class=\"uagb-heading-text\">8. Vos droits l\u00e9gaux<\/h3><\/div>\n<\/div>\n\n\n\n<div class=\"wp-block-uagb-container uagb-block-59e9c5a2\">\n<p class=\"\">Dans certaines circonstances, vous avez des droits en vertu des lois sur la protection des donn\u00e9es en ce qui concerne vos donn\u00e9es personnelles. Cliquez sur le lien ci-dessous pour en savoir plus sur vos droits : <a href=\"https:\/\/www.edoeb.admin.ch\/edoeb\/en\/home\/datenschutz\/grundlagen\/auskunftsrecht.html\">https:\/\/www.edoeb.admin.ch\/edoeb\/en\/home\/datenschutz\/grundlagen\/auskunftsrecht.html<\/a><\/p>\n\n\n\n<p class=\"\">Si vous souhaitez exercer l'un des droits susmentionn\u00e9s, veuillez nous contacter \u00e0 l'adresse suivante <a href=\"mailto:hello@faithentrepreneurs.org\">contact@gracematch.org<\/a><\/p>\n\n\n\n<p class=\"\"><strong>AUCUN FRAIS N'EST G\u00c9N\u00c9RALEMENT REQUIS<\/strong>&nbsp;&nbsp;<\/p>\n\n\n\n<p class=\"\">Vous n'aurez pas \u00e0 payer de frais pour acc\u00e9der \u00e0 vos donn\u00e9es \u00e0 caract\u00e8re personnel (ou pour exercer l'un des autres droits). Toutefois, nous pouvons exiger le paiement d'une redevance raisonnable si votre demande est manifestement infond\u00e9e, r\u00e9p\u00e9titive ou excessive. Nous pouvons \u00e9galement refuser de donner suite \u00e0 votre demande dans ces circonstances.<\/p>\n\n\n\n<p class=\"\"><strong>CE QUE NOUS POURRIONS AVOIR BESOIN DE VOUS<\/strong>&nbsp;&nbsp;<\/p>\n\n\n\n<p class=\"\">Nous pouvons \u00eatre amen\u00e9s \u00e0 vous demander des informations sp\u00e9cifiques pour nous aider \u00e0 confirmer votre identit\u00e9 et garantir votre droit d'acc\u00e8s \u00e0 vos donn\u00e9es \u00e0 caract\u00e8re personnel (ou d'exercice de vos autres droits). Il s'agit d'une mesure de s\u00e9curit\u00e9 visant \u00e0 garantir que les donn\u00e9es \u00e0 caract\u00e8re personnel ne sont pas divulgu\u00e9es \u00e0 une personne qui n'a pas le droit de les recevoir. Nous pouvons \u00e9galement vous contacter pour vous demander des informations compl\u00e9mentaires en rapport avec votre demande afin d'acc\u00e9l\u00e9rer notre r\u00e9ponse.<\/p>\n\n\n\n<p class=\"\"><strong>D\u00c9LAI DE R\u00c9PONSE<\/strong>&nbsp;&nbsp;<\/p>\n\n\n\n<p class=\"\">Nous nous effor\u00e7ons de r\u00e9pondre \u00e0 toutes les demandes l\u00e9gitimes dans un d\u00e9lai d'un mois. Il peut arriver que nous ayons besoin de plus d'un mois si votre demande est particuli\u00e8rement complexe ou si vous avez formul\u00e9 plusieurs demandes. Dans ce cas, nous vous en informerons et vous tiendrons au courant.<\/p>\n<\/div>\n<\/div>\n<\/div>\n<\/div><\/div>","protected":false},"excerpt":{"rendered":"<p>1. Important information and who we are PURPOSE OF THIS PRIVACY POLICY&nbsp;&nbsp; This privacy policy aims to give you information on how GraceMatch (\u201cGraceMatch\u201d, \u201cwe\u201d, \u201cus\u201d or \u201cour\u201d) collects and processes your personal data through your use of this website, including any data you may provide when you contact us or register for an event. [&hellip;]<\/p>\n","protected":false},"author":1,"featured_media":0,"parent":0,"menu_order":0,"comment_status":"closed","ping_status":"closed","template":"","meta":{"nf_dc_page":"","_uag_custom_page_level_css":"","_monsterinsights_skip_tracking":false,"_monsterinsights_sitenote_active":false,"_monsterinsights_sitenote_note":"","_monsterinsights_sitenote_category":0,"site-sidebar-layout":"default","site-content-layout":"","ast-site-content-layout":"default","site-content-style":"default","site-sidebar-style":"default","ast-global-header-display":"","ast-banner-title-visibility":"","ast-main-header-display":"","ast-hfb-above-header-display":"","ast-hfb-below-header-display":"","ast-hfb-mobile-header-display":"","site-post-title":"","ast-breadcrumbs-content":"","ast-featured-img":"","footer-sml-layout":"","ast-disable-related-posts":"","theme-transparent-header-meta":"","adv-header-id-meta":"","stick-header-meta":"","header-above-stick-meta":"","header-main-stick-meta":"","header-below-stick-meta":"","astra-migrate-meta-layouts":"set","ast-page-background-enabled":"default","ast-page-background-meta":{"desktop":{"background-color":"var(--ast-global-color-4)","background-image":"","background-repeat":"repeat","background-position":"center center","background-size":"auto","background-attachment":"scroll","background-type":"","background-media":"","overlay-type":"","overlay-color":"","overlay-opacity":"","overlay-gradient":""},"tablet":{"background-color":"","background-image":"","background-repeat":"repeat","background-position":"center center","background-size":"auto","background-attachment":"scroll","background-type":"","background-media":"","overlay-type":"","overlay-color":"","overlay-opacity":"","overlay-gradient":""},"mobile":{"background-color":"","background-image":"","background-repeat":"repeat","background-position":"center center","background-size":"auto","background-attachment":"scroll","background-type":"","background-media":"","overlay-type":"","overlay-color":"","overlay-opacity":"","overlay-gradient":""}},"ast-content-background-meta":{"desktop":{"background-color":"var(--ast-global-color-5)","background-image":"","background-repeat":"repeat","background-position":"center center","background-size":"auto","background-attachment":"scroll","background-type":"","background-media":"","overlay-type":"","overlay-color":"","overlay-opacity":"","overlay-gradient":""},"tablet":{"background-color":"var(--ast-global-color-5)","background-image":"","background-repeat":"repeat","background-position":"center center","background-size":"auto","background-attachment":"scroll","background-type":"","background-media":"","overlay-type":"","overlay-color":"","overlay-opacity":"","overlay-gradient":""},"mobile":{"background-color":"var(--ast-global-color-5)","background-image":"","background-repeat":"repeat","background-position":"center center","background-size":"auto","background-attachment":"scroll","background-type":"","background-media":"","overlay-type":"","overlay-color":"","overlay-opacity":"","overlay-gradient":""}},"footnotes":""},"class_list":["post-1776","page","type-page","status-publish","hentry"],"aioseo_notices":[],"uagb_featured_image_src":{"full":false,"thumbnail":false,"medium":false,"medium_large":false,"large":false,"1536x1536":false,"2048x2048":false,"trp-custom-language-flag":false,"woocommerce_thumbnail":false,"woocommerce_single":false,"woocommerce_gallery_thumbnail":false},"uagb_author_info":{"display_name":"michyeboah","author_link":"https:\/\/gracematch.org\/fr\/author\/michyeboah\/"},"uagb_comment_info":0,"uagb_excerpt":"1. Important information and who we are PURPOSE OF THIS PRIVACY POLICY&nbsp;&nbsp; This privacy policy aims to give you information on how GraceMatch (\u201cGraceMatch\u201d, \u201cwe\u201d, \u201cus\u201d or \u201cour\u201d) collects and processes your personal data through your use of this website, including any data you may provide when you contact us or register for an event.\u2026","jetpack_sharing_enabled":true,"_links":{"self":[{"href":"https:\/\/gracematch.org\/fr\/wp-json\/wp\/v2\/pages\/1776","targetHints":{"allow":["GET"]}}],"collection":[{"href":"https:\/\/gracematch.org\/fr\/wp-json\/wp\/v2\/pages"}],"about":[{"href":"https:\/\/gracematch.org\/fr\/wp-json\/wp\/v2\/types\/page"}],"author":[{"embeddable":true,"href":"https:\/\/gracematch.org\/fr\/wp-json\/wp\/v2\/users\/1"}],"replies":[{"embeddable":true,"href":"https:\/\/gracematch.org\/fr\/wp-json\/wp\/v2\/comments?post=1776"}],"version-history":[{"count":4,"href":"https:\/\/gracematch.org\/fr\/wp-json\/wp\/v2\/pages\/1776\/revisions"}],"predecessor-version":[{"id":1791,"href":"https:\/\/gracematch.org\/fr\/wp-json\/wp\/v2\/pages\/1776\/revisions\/1791"}],"wp:attachment":[{"href":"https:\/\/gracematch.org\/fr\/wp-json\/wp\/v2\/media?parent=1776"}],"curies":[{"name":"wp","href":"https:\/\/api.w.org\/{rel}","templated":true}]}}